{"id":4,"date":"2018-05-29T18:31:40","date_gmt":"2018-05-29T16:31:40","guid":{"rendered":"http:\/\/wir-zentrum.de\/?page_id=4"},"modified":"2025-09-15T21:47:33","modified_gmt":"2025-09-15T19:47:33","slug":"wir","status":"publish","type":"page","link":"https:\/\/wir-zentrum.de\/","title":{"rendered":"wir"},"content":{"rendered":"<p>Familienstellen nach Hellinger, Essen und Schnabel<br \/>\nSystemische und Organisations -\u00a0 Aufstellungen<br \/>\nTrauma - Aufstellungen in Anlehnung an IoPT<br \/>\nAusbildungsgruppe, Seminare, Einzel- und Paararbeit, Krisenintervention.<\/p>\n<p>Baumgarten-Crusius-Str. 7a (Hinterhaus)<br \/>\n04179 Leipzig<br \/>\nTel.: 0170 \/ 4711046<br \/>\nE-Mail: wir-zentrum@t-online.de<\/p>\n<p>NS: WIR verwendet wegen der fl\u00fcssigen Lesbarkeit in allen Texten die grammatikalisch m\u00e4nnliche Form und bezieht dabei selbstverst\u00e4ndlich Ihre eigene Geschlechts- \/ Genderwahrnehmung mit ein.<\/p>\n","protected":false},"excerpt":{"rendered":"<p>Familienstellen nach Hellinger, Essen und Schnabel Systemische und Organisations -\u00a0 Aufstellungen Trauma - Aufstellungen in Anlehnung an IoPT Ausbildungsgruppe, Seminare, Einzel- und Paararbeit, Krisenintervention. Baumgarten-Crusius-Str. 7a (Hinterhaus) 04179 Leipzig Tel.: 0170 \/ 4711046 E-Mail: wir-zentrum@t-online.de NS: WIR verwendet wegen der fl\u00fcssigen Lesbarkeit in allen Texten die grammatikalisch m\u00e4nnliche Form und bezieht dabei selbstverst\u00e4ndlich Ihre eigene <a href=\"https:\/\/wir-zentrum.de\/\" class=\"more-link\">...weiterlesen<span class=\"screen-reader-text\"> \"wir\"<\/span><\/a><\/p>\n","protected":false},"author":1,"featured_media":0,"parent":0,"menu_order":0,"comment_status":"closed","ping_status":"closed","template":"","meta":[],"_links":{"self":[{"href":"https:\/\/wir-zentrum.de\/index.php?rest_route=\/wp\/v2\/pages\/4"}],"collection":[{"href":"https:\/\/wir-zentrum.de\/index.php?rest_route=\/wp\/v2\/pages"}],"about":[{"href":"https:\/\/wir-zentrum.de\/index.php?rest_route=\/wp\/v2\/types\/page"}],"author":[{"embeddable":true,"href":"https:\/\/wir-zentrum.de\/index.php?rest_route=\/wp\/v2\/users\/1"}],"replies":[{"embeddable":true,"href":"https:\/\/wir-zentrum.de\/index.php?rest_route=%2Fwp%2Fv2%2Fcomments&post=4"}],"version-history":[{"count":6,"href":"https:\/\/wir-zentrum.de\/index.php?rest_route=\/wp\/v2\/pages\/4\/revisions"}],"predecessor-version":[{"id":284,"href":"https:\/\/wir-zentrum.de\/index.php?rest_route=\/wp\/v2\/pages\/4\/revisions\/284"}],"wp:attachment":[{"href":"https:\/\/wir-zentrum.de\/index.php?rest_route=%2Fwp%2Fv2%2Fmedia&parent=4"}],"curies":[{"name":"wp","href":"https:\/\/api.w.org\/{rel}","templated":true}]}}