{"id":20,"date":"2018-05-29T18:56:24","date_gmt":"2018-05-29T16:56:24","guid":{"rendered":"http:\/\/wir-zentrum.de\/?page_id=20"},"modified":"2025-09-15T22:07:14","modified_gmt":"2025-09-15T20:07:14","slug":"anmeldung","status":"publish","type":"page","link":"https:\/\/wir-zentrum.de\/?page_id=20","title":{"rendered":"Anmeldung"},"content":{"rendered":"<p>Ihre <strong>Anmeldung<\/strong>\u00a0senden Sie bitte per eMail an<br \/>\n=&gt;\u00a0 \u00a0 \u00a0<strong>wir-zentrum@t-online.de<\/strong><br \/>\nZum WIR-Seminar am ................<br \/>\nin ........................................ melde ich mich hier verbindlich an.<br \/>\nIch habe die Teilnahme - Regelungen gelesen und bin mit ihnen einverstanden.<\/p>\n<p>Ich nehme Teil als<br \/>\n- als Aufsteller.<br \/>\n- als Unterst\u00fctzer ohne eigene Aufstellung.<br \/>\n- Ich wei\u00df noch nicht, ob ich aufstellen m\u00f6chte.<br \/>\nBitte ausw\u00e4hlen, die beiden anderen M\u00f6glichkeiten l\u00f6schen!<\/p>\n<p>Name Vorname<br \/>\nStra\u00dfe<\/p>\n<p>PLZ Ort<\/p>\n<p>Telefon \/ E-Mail<\/p>\n<p>Die Teilnahme gleiche ich im Sinne von \"Gib und Nimm\" nach Absprache aus.<\/p>\n<p>Ihre Anmeldung wird von uns best\u00e4tigt.<\/p>\n<p>Geschmeidiger arbeitet Ihre Anmeldung in unserer Telegram - Gruppe.<br \/>\nIn diese nehmen wir Sie nach Ihrer Kontaktaufnahme gern auf!<\/p>\n","protected":false},"excerpt":{"rendered":"<p>Ihre Anmeldung\u00a0senden Sie bitte per eMail an =&gt;\u00a0 \u00a0 \u00a0wir-zentrum@t-online.de Zum WIR-Seminar am ................ in ........................................ melde ich mich hier verbindlich an. Ich habe die Teilnahme - Regelungen gelesen und bin mit ihnen einverstanden. Ich nehme Teil als - als Aufsteller. - als Unterst\u00fctzer ohne eigene Aufstellung. - Ich wei\u00df noch nicht, ob ich aufstellen <a href=\"https:\/\/wir-zentrum.de\/?page_id=20\" class=\"more-link\">...weiterlesen<span class=\"screen-reader-text\"> \"Anmeldung\"<\/span><\/a><\/p>\n","protected":false},"author":1,"featured_media":0,"parent":0,"menu_order":0,"comment_status":"closed","ping_status":"closed","template":"","meta":[],"_links":{"self":[{"href":"https:\/\/wir-zentrum.de\/index.php?rest_route=\/wp\/v2\/pages\/20"}],"collection":[{"href":"https:\/\/wir-zentrum.de\/index.php?rest_route=\/wp\/v2\/pages"}],"about":[{"href":"https:\/\/wir-zentrum.de\/index.php?rest_route=\/wp\/v2\/types\/page"}],"author":[{"embeddable":true,"href":"https:\/\/wir-zentrum.de\/index.php?rest_route=\/wp\/v2\/users\/1"}],"replies":[{"embeddable":true,"href":"https:\/\/wir-zentrum.de\/index.php?rest_route=%2Fwp%2Fv2%2Fcomments&post=20"}],"version-history":[{"count":7,"href":"https:\/\/wir-zentrum.de\/index.php?rest_route=\/wp\/v2\/pages\/20\/revisions"}],"predecessor-version":[{"id":288,"href":"https:\/\/wir-zentrum.de\/index.php?rest_route=\/wp\/v2\/pages\/20\/revisions\/288"}],"wp:attachment":[{"href":"https:\/\/wir-zentrum.de\/index.php?rest_route=%2Fwp%2Fv2%2Fmedia&parent=20"}],"curies":[{"name":"wp","href":"https:\/\/api.w.org\/{rel}","templated":true}]}}