{"id":18,"date":"2018-05-29T18:55:46","date_gmt":"2018-05-29T16:55:46","guid":{"rendered":"http:\/\/wir-zentrum.de\/?page_id=18"},"modified":"2021-04-17T21:42:34","modified_gmt":"2021-04-17T19:42:34","slug":"focusing","status":"publish","type":"page","link":"https:\/\/wir-zentrum.de\/?page_id=18","title":{"rendered":"Focusing"},"content":{"rendered":"<p><strong>Focusing,<br \/>\nauf deine innere Wahrheit h\u00f6ren<\/strong><\/p>\n<p>\u201cFocusing\" ist eine achtsame Methode, die der Weisheit des K\u00f6rpers folgt. Sie richten dabei liebevolle Aufmerksamkeit auf das Bild \/ Gef\u00fchl im K\u00f6rper, das zu Ihrem aktuellen Thema auftaucht.<br \/>\nDieses noch leise k\u00f6rperliche Erleben erschlie\u00dft Ihnen neue, oft unerwartete Kr\u00e4fte und M\u00f6glichkeiten. Daraus entstehende Gedanken, Bilder und Gef\u00fchle werden mit Achtung angenommen und f\u00fchren zu konstruktivem, erweitertem Erleben und Handeln in der Beziehung zu Ihnen selbst, anderen und der Welt.<\/p>\n<p><strong>Kosten: <\/strong>siehe meine Ausf\u00fchrungen zum Wertausgleich<br \/>\nauf dem Frame \"Kosten\"<br \/>\n---<\/p>\n<p><strong>Termine<\/strong>: nach Vereinbarung<br \/>\n<strong>Leitung<\/strong>: Violetta Lahme<br \/>\n<strong>Ort<\/strong>: Postanschrift oder nach Vereinbarung<br \/>\nAuch als Telefonsitzung m\u00f6glich .<\/p>\n","protected":false},"excerpt":{"rendered":"<p>Focusing, auf deine innere Wahrheit h\u00f6ren \u201cFocusing\" ist eine achtsame Methode, die der Weisheit des K\u00f6rpers folgt. Sie richten dabei liebevolle Aufmerksamkeit auf das Bild \/ Gef\u00fchl im K\u00f6rper, das zu Ihrem aktuellen Thema auftaucht. Dieses noch leise k\u00f6rperliche Erleben erschlie\u00dft Ihnen neue, oft unerwartete Kr\u00e4fte und M\u00f6glichkeiten. Daraus entstehende Gedanken, Bilder und Gef\u00fchle werden <a href=\"https:\/\/wir-zentrum.de\/?page_id=18\" class=\"more-link\">...weiterlesen<span class=\"screen-reader-text\"> \"Focusing\"<\/span><\/a><\/p>\n","protected":false},"author":1,"featured_media":0,"parent":0,"menu_order":0,"comment_status":"closed","ping_status":"closed","template":"","meta":[],"_links":{"self":[{"href":"https:\/\/wir-zentrum.de\/index.php?rest_route=\/wp\/v2\/pages\/18"}],"collection":[{"href":"https:\/\/wir-zentrum.de\/index.php?rest_route=\/wp\/v2\/pages"}],"about":[{"href":"https:\/\/wir-zentrum.de\/index.php?rest_route=\/wp\/v2\/types\/page"}],"author":[{"embeddable":true,"href":"https:\/\/wir-zentrum.de\/index.php?rest_route=\/wp\/v2\/users\/1"}],"replies":[{"embeddable":true,"href":"https:\/\/wir-zentrum.de\/index.php?rest_route=%2Fwp%2Fv2%2Fcomments&post=18"}],"version-history":[{"count":5,"href":"https:\/\/wir-zentrum.de\/index.php?rest_route=\/wp\/v2\/pages\/18\/revisions"}],"predecessor-version":[{"id":244,"href":"https:\/\/wir-zentrum.de\/index.php?rest_route=\/wp\/v2\/pages\/18\/revisions\/244"}],"wp:attachment":[{"href":"https:\/\/wir-zentrum.de\/index.php?rest_route=%2Fwp%2Fv2%2Fmedia&parent=18"}],"curies":[{"name":"wp","href":"https:\/\/api.w.org\/{rel}","templated":true}]}}