{"id":16,"date":"2018-05-29T18:55:11","date_gmt":"2018-05-29T16:55:11","guid":{"rendered":"http:\/\/wir-zentrum.de\/?page_id=16"},"modified":"2025-09-15T21:44:05","modified_gmt":"2025-09-15T19:44:05","slug":"systemische-unternehmensberatungen","status":"publish","type":"page","link":"https:\/\/wir-zentrum.de\/?page_id=16","title":{"rendered":"Trauma &#8211; Aufstellungen      IoPT"},"content":{"rendered":"<h4><strong>Trauma - Aufstellungen\u00a0\u00a0 \/\u00a0\u00a0 IoPT<\/strong><\/h4>\n<p>Zur Zeit zeigen sich besonders h\u00e4ufig vorgeburtliche und (fr\u00fch-) kindliche Traumen und Kriegstraumen der Ahnenreihe. Sie wollen angesehen, angenommen und gel\u00f6st werden.<\/p>\n<p>Neben den klassischen Trauma - Aufstellungen hat sich die weiter entwickelte Methode Professor F. Rupperts als besonders effektiv und heilend gezeigt.<\/p>\n<p>Diese <b>Identit\u00e4tsorientierte PsychoTraumatherapie -<\/b> Aufstellungen lassen einen Wandlungsprozess beginnen, der sich neu und stimmig anf\u00fchlt.<br \/>Der Anliegentr\u00e4ger f\u00fchrt selbst durch die Aufstellung und erlebt so \u00fcberraschende und tiefgehende Wendungen des Feldes und seiner Inneren Anteile direkt und unmittelbar.<br \/>WIR bietet sowohl die klassische als auch die IoPT - Aufstellung an.<br \/>Beide f\u00fchren zu einer Ann\u00e4herung an die Ganzheit seines Selbst.<\/p>\n<p>Eine Ausbildung in diesen Methoden und allgemeiner Aufstellungsarbeit ist ab Fr\u00fchjahr 2026\u00a0vorgesehen.<\/p>\n<p>Leitung: Violetta und Johannes Lahme<\/p>\n<p>Termine: nach Vereinbarung, auch zu ungew\u00f6hnlichen Zeiten m\u00f6glich.<\/p>\n<p>Ort: Postanschrift oder nach Vereinbarung<\/p>\n\n\n<p><\/p>\n","protected":false},"excerpt":{"rendered":"<p>Trauma - Aufstellungen\u00a0\u00a0 \/\u00a0\u00a0 IoPT Zur Zeit zeigen sich besonders h\u00e4ufig vorgeburtliche und (fr\u00fch-) kindliche Traumen und Kriegstraumen der Ahnenreihe. Sie wollen angesehen, angenommen und gel\u00f6st werden. Neben den klassischen Trauma - Aufstellungen hat sich die weiter entwickelte Methode Professor F. Rupperts als besonders effektiv und heilend gezeigt. Diese Identit\u00e4tsorientierte PsychoTraumatherapie - Aufstellungen lassen einen <a href=\"https:\/\/wir-zentrum.de\/?page_id=16\" class=\"more-link\">...weiterlesen<span class=\"screen-reader-text\"> \"Trauma &#8211; Aufstellungen      IoPT\"<\/span><\/a><\/p>\n","protected":false},"author":1,"featured_media":0,"parent":0,"menu_order":0,"comment_status":"closed","ping_status":"closed","template":"","meta":[],"_links":{"self":[{"href":"https:\/\/wir-zentrum.de\/index.php?rest_route=\/wp\/v2\/pages\/16"}],"collection":[{"href":"https:\/\/wir-zentrum.de\/index.php?rest_route=\/wp\/v2\/pages"}],"about":[{"href":"https:\/\/wir-zentrum.de\/index.php?rest_route=\/wp\/v2\/types\/page"}],"author":[{"embeddable":true,"href":"https:\/\/wir-zentrum.de\/index.php?rest_route=\/wp\/v2\/users\/1"}],"replies":[{"embeddable":true,"href":"https:\/\/wir-zentrum.de\/index.php?rest_route=%2Fwp%2Fv2%2Fcomments&post=16"}],"version-history":[{"count":12,"href":"https:\/\/wir-zentrum.de\/index.php?rest_route=\/wp\/v2\/pages\/16\/revisions"}],"predecessor-version":[{"id":281,"href":"https:\/\/wir-zentrum.de\/index.php?rest_route=\/wp\/v2\/pages\/16\/revisions\/281"}],"wp:attachment":[{"href":"https:\/\/wir-zentrum.de\/index.php?rest_route=%2Fwp%2Fv2%2Fmedia&parent=16"}],"curies":[{"name":"wp","href":"https:\/\/api.w.org\/{rel}","templated":true}]}}