{"id":144,"date":"2018-08-25T09:24:24","date_gmt":"2018-08-25T07:24:24","guid":{"rendered":"http:\/\/wir-zentrum.de\/?page_id=144"},"modified":"2018-11-11T22:22:31","modified_gmt":"2018-11-11T21:22:31","slug":"leiter","status":"publish","type":"page","link":"https:\/\/wir-zentrum.de\/?page_id=144","title":{"rendered":"Leiter"},"content":{"rendered":"<h2><strong>Leitung:<\/strong><\/h2>\n<h2>Violetta Lahme\u00a0\u00a0\u00a0\u00a0\u00a0\u00a0 <a href=\"http:\/\/wir-zentrum.de\/wp-content\/uploads\/2018\/08\/Bild-Violetta.jpg\"><img loading=\"lazy\" class=\"size-full wp-image-145 alignright\" src=\"http:\/\/wir-zentrum.de\/wp-content\/uploads\/2018\/08\/Bild-Violetta.jpg\" alt=\"\" width=\"158\" height=\"218\" \/><\/a><\/h2>\n<p>Jahrgang \u00b448, verheiratet, dreifache Mutter, Gro\u00dfmutter; Lehrerin, Reiki-Meisterin, Friedensforscherin, Coach f\u00fcr LebensTanz und mehr.<br \/>\nAusbildung an der \"Hochschule des Lebens\",<br \/>\nFortbildungen in Gestalt-K\u00f6rperarbeit, Deeskalation, Focusing, Familien- und System- Aufstellungen, Schulmediation, Bildungsbegleitung SiS.<\/p>\n<p>20 Jahre lang war ich als Lehrerin t\u00e4tig und arbeitete erfolgreich mit Kindern und Erwachsenen.<br \/>\nJetzt lehre ich ein reiches, bewusstes, erf\u00fclltes Leben<br \/>\nim WIR Zentrum<\/p>\n<h2>Johannes Lahme\u00a0\u00a0\u00a0\u00a0 <a href=\"http:\/\/wir-zentrum.de\/wp-content\/uploads\/2018\/08\/Bild-Johannes.jpg\"><img loading=\"lazy\" class=\"size-full wp-image-146 alignright\" src=\"http:\/\/wir-zentrum.de\/wp-content\/uploads\/2018\/08\/Bild-Johannes.jpg\" alt=\"\" width=\"154\" height=\"204\" \/><\/a><\/h2>\n<p>Jahrgang \u00b449, verheiratet, zweifacher Vater, Gro\u00dfvater;<br \/>\nSonderschul-Lehrer, Familien- und Systemaufsteller, Deeskalationstrainer, Reiki-Meister, Reiki-Lehrer, Schulmediator, Bildungsbegleiter (SiS)<\/p>\n<h2>WIR - Zentrum<\/h2>\n<p>Hier unterst\u00fctzen wir Menschen auf ihrem Weg von der Dualit\u00e4t in eine achtsame Beziehung zu sich selbst und anderen. Aus dem Kampf gegeneinander wird ein Tanz miteinander in gegenseitiger Anerkennung, W\u00fcrdigung und Wertsch\u00e4tzung.<br \/>\nDies dr\u00fcckt unser Logo aus: die Gegens\u00e4tze erg\u00e4nzen sich zum Kreis, schauen sich an bzw. umarmen sich. So bleibt jeder er selbst und gleichzeitig in Austausch, Auseinandersetzung und Bewegung.<\/p>\n<p><strong>WIR gibt Ihnen <\/strong><br \/>\nbestm\u00f6gliche Unterst\u00fctzung, sicheren Raum und Experimentiergeist, um mit Lust, Freude und Humor zu wachsen.<\/p>\n<p><strong>WIR ermutigt Sie, <\/strong><br \/>\nIhre Beziehungen und Ihr Leben zu wandeln und zu erf\u00fcllen.<\/p>\n<p><strong>Sie erkennen hier <\/strong><br \/>\nPolarit\u00e4t als Erg\u00e4nzung und Bereicherung.<\/p>\n<p><strong>Sie kreieren im WIR <\/strong><br \/>\nein neues Miteinander voller Begeisterung, Kraft und Lebensfreude.<\/p>\n<p><strong>WIR l\u00e4dt Sie ein <\/strong><br \/>\nzum Tanz unterm Regenbogen mit sich selbst und anderen jetzt und hier.<\/p>\n<p><strong>WIR warnt Sie:<br \/>\n\u201eLeben ist lebensgef\u00e4hrlich und manchmal ganz sch\u00f6n verr\u00fcckt!\u201c.<\/strong><\/p>\n<p>&nbsp;<\/p>\n<p><strong>\u201eWillst du etwas wissen, frage nicht den Gelehrten, sondern den Erfahrenen\u201c <\/strong><br \/>\n<em>(Chin. Weisheit)<\/em><\/p>\n<h3>\u2026 und erfahren haben wir reichlich und gut, wir teilen es gern mit Ihnen !!!<\/h3>\n","protected":false},"excerpt":{"rendered":"<p>Leitung: Violetta Lahme\u00a0\u00a0\u00a0\u00a0\u00a0\u00a0 Jahrgang \u00b448, verheiratet, dreifache Mutter, Gro\u00dfmutter; Lehrerin, Reiki-Meisterin, Friedensforscherin, Coach f\u00fcr LebensTanz und mehr. Ausbildung an der \"Hochschule des Lebens\", Fortbildungen in Gestalt-K\u00f6rperarbeit, Deeskalation, Focusing, Familien- und System- Aufstellungen, Schulmediation, Bildungsbegleitung SiS. 20 Jahre lang war ich als Lehrerin t\u00e4tig und arbeitete erfolgreich mit Kindern und Erwachsenen. Jetzt lehre ich ein reiches, <a href=\"https:\/\/wir-zentrum.de\/?page_id=144\" class=\"more-link\">...weiterlesen<span class=\"screen-reader-text\"> \"Leiter\"<\/span><\/a><\/p>\n","protected":false},"author":3,"featured_media":0,"parent":0,"menu_order":0,"comment_status":"closed","ping_status":"closed","template":"","meta":[],"_links":{"self":[{"href":"https:\/\/wir-zentrum.de\/index.php?rest_route=\/wp\/v2\/pages\/144"}],"collection":[{"href":"https:\/\/wir-zentrum.de\/index.php?rest_route=\/wp\/v2\/pages"}],"about":[{"href":"https:\/\/wir-zentrum.de\/index.php?rest_route=\/wp\/v2\/types\/page"}],"author":[{"embeddable":true,"href":"https:\/\/wir-zentrum.de\/index.php?rest_route=\/wp\/v2\/users\/3"}],"replies":[{"embeddable":true,"href":"https:\/\/wir-zentrum.de\/index.php?rest_route=%2Fwp%2Fv2%2Fcomments&post=144"}],"version-history":[{"count":4,"href":"https:\/\/wir-zentrum.de\/index.php?rest_route=\/wp\/v2\/pages\/144\/revisions"}],"predecessor-version":[{"id":185,"href":"https:\/\/wir-zentrum.de\/index.php?rest_route=\/wp\/v2\/pages\/144\/revisions\/185"}],"wp:attachment":[{"href":"https:\/\/wir-zentrum.de\/index.php?rest_route=%2Fwp%2Fv2%2Fmedia&parent=144"}],"curies":[{"name":"wp","href":"https:\/\/api.w.org\/{rel}","templated":true}]}}