{"id":141,"date":"2018-08-20T17:45:02","date_gmt":"2018-08-20T15:45:02","guid":{"rendered":"http:\/\/wir-zentrum.de\/?page_id=141"},"modified":"2026-01-30T19:11:37","modified_gmt":"2026-01-30T18:11:37","slug":"lerngruppe","status":"publish","type":"page","link":"https:\/\/wir-zentrum.de\/?page_id=141","title":{"rendered":"Lerngruppe"},"content":{"rendered":"<p><strong>Ausbildungsgruppe 2026<\/strong><\/p>\n<p>- Drei Module - aufeinander aufbauend \u2013<\/p>\n<p>- einzeln buchbar<\/p>\n<p>Wir haben lange \u00fcber einem Konzept gebr\u00fctet<br \/>\nund nun tief in uns das NICHT \u2013 KONZEPT erfahren, das uns in dieser Zeit gemeinsamen Lernens begleiten wird.<\/p>\n<p>Es wird ein Prozess sein, ein Weg, den wir gemeinsam gehen werden.<br \/>\nWir alle werden uns auf Neues einlassen, den Mut finden, vertraute Wege in Frage zu stellen und uns auszuprobieren.<\/p>\n<p>Lernen hei\u00dft also in dieser Lerngruppe vor allem: VERLERNEN :<\/p>\n<p>- Verlernen von Vertrautem und Erprobtem<\/p>\n<p>- Verlernen von richtig und falsch, gut und schlecht, f\u00f6rderlich und hinderlich UND<\/p>\n<p>- Verlernen, wer wir zu sein glauben.<\/p>\n<p>Wer den Mut und die (Selbst-) Liebe hat, diesen Weg zu gehen, ist bei uns, Violetta und Johannes Lahme herzlich willkommen.<\/p>\n<p>Der Erfolg dieser Arbeit h\u00e4ngt eng damit zusammen, dass viele Menschen von den f\u00f6rderlichen Auswirkungen erfahren.<br \/>\nWir sind der \u00dcberzeugung, dass diese Methode des Hinterfragens und Weitergehens heilsam ist f\u00fcr einige gesellschaftliche Leiden und Einschr\u00e4nkungen und dass sie deshalb m\u00f6glichst weite Verbreitung finden sollte.<br \/>\nSomit ist eine gegenseitige Unterst\u00fctzung gerade in der sich wandelnden Zeit neuer Energie \u2013 Erfahrungen ohne Konkurrenzdenken - hilfreich und f\u00f6rderlich. Wir alle werden unser Bestes leisten, um den gemeinsamen Weg angenehm und erfolgreich zu machen.<\/p>\n<p>Im Fr\u00fchjahr 2026 wird die neue LERNgruppe entstehen.<br \/>\nEnde Februar findet ein Orientierungstreffen statt, Mitte April bis Mitte Januar \u00b427 l\u00e4uft das erste Modul mit acht Sitzungen.<br \/>\nAuch hier \u00fcbernehmen wir das \"Gib - und - Nimm\" Prinzip mit angemessenem Wertausgleich.<br \/>\nNimm bitte Kontakt mit uns auf, wenn du interessiert bist.<br \/>\nWir freuen uns auf dich!<\/p>\n","protected":false},"excerpt":{"rendered":"<p>Ausbildungsgruppe 2026 - Drei Module - aufeinander aufbauend \u2013 - einzeln buchbar Wir haben lange \u00fcber einem Konzept gebr\u00fctet und nun tief in uns das NICHT \u2013 KONZEPT erfahren, das uns in dieser Zeit gemeinsamen Lernens begleiten wird. Es wird ein Prozess sein, ein Weg, den wir gemeinsam gehen werden. Wir alle werden uns auf <a href=\"https:\/\/wir-zentrum.de\/?page_id=141\" class=\"more-link\">...weiterlesen<span class=\"screen-reader-text\"> \"Lerngruppe\"<\/span><\/a><\/p>\n","protected":false},"author":3,"featured_media":0,"parent":0,"menu_order":0,"comment_status":"closed","ping_status":"closed","template":"","meta":[],"_links":{"self":[{"href":"https:\/\/wir-zentrum.de\/index.php?rest_route=\/wp\/v2\/pages\/141"}],"collection":[{"href":"https:\/\/wir-zentrum.de\/index.php?rest_route=\/wp\/v2\/pages"}],"about":[{"href":"https:\/\/wir-zentrum.de\/index.php?rest_route=\/wp\/v2\/types\/page"}],"author":[{"embeddable":true,"href":"https:\/\/wir-zentrum.de\/index.php?rest_route=\/wp\/v2\/users\/3"}],"replies":[{"embeddable":true,"href":"https:\/\/wir-zentrum.de\/index.php?rest_route=%2Fwp%2Fv2%2Fcomments&post=141"}],"version-history":[{"count":18,"href":"https:\/\/wir-zentrum.de\/index.php?rest_route=\/wp\/v2\/pages\/141\/revisions"}],"predecessor-version":[{"id":293,"href":"https:\/\/wir-zentrum.de\/index.php?rest_route=\/wp\/v2\/pages\/141\/revisions\/293"}],"wp:attachment":[{"href":"https:\/\/wir-zentrum.de\/index.php?rest_route=%2Fwp%2Fv2%2Fmedia&parent=141"}],"curies":[{"name":"wp","href":"https:\/\/api.w.org\/{rel}","templated":true}]}}