{"id":12,"date":"2018-05-29T18:53:20","date_gmt":"2018-05-29T16:53:20","guid":{"rendered":"http:\/\/wir-zentrum.de\/?page_id=12"},"modified":"2025-09-15T21:39:25","modified_gmt":"2025-09-15T19:39:25","slug":"mehr","status":"publish","type":"page","link":"https:\/\/wir-zentrum.de\/?page_id=12","title":{"rendered":"Mehr   \/   Kosten"},"content":{"rendered":"<p>\"Man STELLT nur mit dem Herzen gut,<br \/>\ndas Wesentliche ist f\u00fcr die Augen unvorSTELLbar.\"<\/p>\n<p>(nach A. deSaint-Exup\u00e9ry)<\/p>\n<p>WIR will ver\u00e4ndern, experimentieren, spielend verwandeln:<br \/>\nohne langes Planen, Terminieren oder Festlegen: stattdessen lustvolle, freie Verf\u00fcgbarkeitin gegenseitiger kurzfristiger Absprache.<\/p>\n<p>WIR moderiert Minimal- bzw. Essenzaufstellungen zum Familiensystem, zu K\u00f6rpersymptomen und anderen St\u00f6rungen, Befindlichkeiten und Einschr\u00e4nkungen, die dich in deiner Lebensfreude, Leichtigkeit und Lebendigkeit l\u00e4hmen.<\/p>\n<p>Rufe an, simse oder maile wann, wie und wo WIR dich unterst\u00fctzen kann:<br \/>\njetzt, hier oder dort bei dir, spontan, preiswert und gut.<\/p>\n<p>ALLES ist m\u00f6glich, wenn du es willst.<br \/>\nWIR will und kann: flexibel, kompetent, schnell<br \/>\nin deinem \/ unserem Wohn- der Esszimmer, Terrasse, Garten, B\u00fcro, Partykeller, Feld, Wald, Wiese oder wo auch immer du \/ WIR einen Platz finden bzw. uns treffen wollen.<\/p>\n<p>WIR macht keine Preise, sondern sucht Energieausgleich: du gibst den Wert, der unsere Unterst\u00fctzung achtet und ausgleicht.<\/p>\n<p>Wenn du in unserem Telegram - Verteiler bist, erh\u00e4ltst du aktuelle Einladungen.<br \/>\nSEI DABEI ! ! !<\/p>\n<h4>Integrations-Aufstellungen<\/h4>\n<p>nach den 5 Elementen der Traditionellen Chinesischen Medizin<br \/>\n\u2013 \u00fcber 3000 Jahre Entwicklung und Erfahrung im Versuchslabor China<\/p>\n<p>Integriere all deine grundlegenden Elemente Holz, Feuer, Erde, Metall und Wasser und verbinde sie zu einem harmonischen Ganzen.<br \/>\nLass sie sich gegenseitig f\u00f6rdern und erg\u00e4nzen zu deinem einzigartigen Lebensgesang. Wie bei einem Chor aus dem Zusammenklang unterschiedlicher Stimmen im Konzert ein wunderbares Lied entsteht, so lass diesen Gesang auch in dir und durch dich wachsen. Entfalte ihn zu vollem Ausdruck zu deiner und der anderen Freude!<br \/>\nSei alles, was du bist und sein kannst jetzt hier: ganz, gl\u00fccklich und gesund.<\/p>\n<h4>Inneres Stellen<\/h4>\n<h4>Aufstellungen per Telefon<\/h4>\n<p>WIR bietet jetzt auch ortsunabh\u00e4ngig Aufstellungen per Telefon,<br \/>\nkombiniert mit sanfter Energie- und K\u00f6rperarbeit.<\/p>\n<h4>Mobiles Stellen<\/h4>\n<p>WIR kommt ins Haus, Garten, B\u00fcro ...<\/p>\n<p>Du stellst den Ort und die Teilnehmer, WIR kommt in dein Wohnzimmer, B\u00fcro, Terrasse ...<br \/>\nDeine Teilnahme und Aufstellung ist kostenfrei, wenn du das Treffen organisierst.<br \/>\nJeder Teilnehmer, egal, ob er\/sie selbst stellt oder nicht, gibt einen angemessenen geldfreien Wertausgleich<\/p>\n<p>Beachte hierzu meine Ausf\u00fchrungen im Frame \"Kosten\"!<\/p>\n<p>Die weiteren Konditionen sprich mit uns aktuell ab.<\/p>\n<p>Die Termine in NRW teile ich euch kurzfristig mit, abh\u00e4ngig von unserer Pr\u00e4senz dort.<\/p>\n<h4>Ur \u2013 TRAUMa \u2013 Stellen<\/h4>\n<p>\u201eVom erlebten Trauma zum Traumleben.\u201c<\/p>\n<p>In unserer Urspr\u00fcnglichkeit sind wir alle einzigartig und heil. Doch all die traumatischen Erlebnisse, die wir nicht verarbeiten konnten, aus welchen Gr\u00fcnden auch immer, f\u00fchrten zu Kompensationen, um zu \u00fcberleben.<\/p>\n<p>Zugleich wurden schwere Traumata unserer Ahnen (z. B. durch Krieg, Tod, Krankheit, Vertreibung, Verlust usw.) oft \u00fcber viele Generationen an uns weitergegeben. Wir wissen dann gar nicht, warum wir auf eine bestimmte Art wiederholt uns oder anderen gegen\u00fcber destruktiv reagieren. Wir \u00fcbernahmen es energetisch ohne unser Wissen und Wollen von den Vorfahren, vielleicht um sie zu retten, sie zu sch\u00fctzen, f\u00fcr sie zu s\u00fchnen, sie zu r\u00e4chen \u2026 und all das immer aus Liebe, jedoch blind und unbewusst.<\/p>\n<p>Oft sind wir mit anderen identifiziert, \u00fcbernehmen Rollen bzw. Verhaltens- oder Gef\u00fchlsmuster, die unserer Urspr\u00fcnglichkeit widersprechen. Wir wollen einfach \u201edazu geh\u00f6ren\u201c zu unserer Sippe und zahlen einen hohen Preis daf\u00fcr (Armut, Misserfolg, Krankheit, Tod \u2026).<\/p>\n<p>Doch gerade das trennt uns von unserer Seele, unserem Ursprung, unserer G\u00f6ttlichkeit. Wir f\u00fchlen uns verloren, einsam, am falschen Platz, werden oft kraftlos, krank an K\u00f6rper, Geist oder Seele.<\/p>\n<p>Nur zu \u00fcberleben reicht uns irgendwann nicht mehr. Zu funktionieren wird immer belastender und macht uns unzufrieden bis depressiv oder aggressiv. Wir sehnen uns nach bewusstem, erf\u00fclltem LEBEN, der Verbindung mit der Mutter als unserem Ursprung und nach uns Selbst.<\/p>\n<p>Indem wir dies aufstellen, geben wir uns die Kraft und die Chance, einschr\u00e4nkende Traumata undramatisch und sanft zu l\u00f6sen. Wir entdecken und entwickeln Liebe, Achtsamkeit und Mitgef\u00fchl f\u00fcr uns selbst, unsere Ahnen, Mitmenschen, unser gesamtes Leben. Wir befreien uns zunehmend von alten Glaubens-, Gedanken-, Gef\u00fchls- und Reaktionsmustern. Unser Leben und unsere Beziehungen zur Mutter und zu uns selbst werden leichter, liebevoller, klarer, konstruktiver. Unser ureigenes einzigartiges Potenzial kommt ans Licht, entfaltet sich und wird zunehmend gelebt zu unserem Wohle und zum Wohle aller. Wir werden mehr und mehr zu dem Menschen, als der wir im urspr\u00fcnglichen, g\u00f6ttlichen Sinne gemeint waren und sind.<\/p>\n<h4>Aufstellungen und Kosten,<br \/>\nneu gestaltet im November 2020:<\/h4>\n<p>Jeder Teilnehmer gibt einen angemessenen Wertausgleich, wie ich es im Frame \"Kosten\" darstelle.<\/p>\n<p>Beim MOBILEN STELLEN (z. B. in Hamm oder Erfurt) w\u00fcnsche ich eine entfernungsabh\u00e4ngige Fahrtkostenumlage in \u20acuro, solange die Tankstellen nur \u20acuro annehmen.<\/p>\n<p>Auch gibt es die M\u00f6glichkeit des Ausgleichs in anderer Form gem\u00e4\u00df Deiner Qualit\u00e4ten, Ausbildung und Berufung wie z. B. Massagen, Wellness oder \u00e4hnlichem (nach Absprache).<\/p>\n<p>Organisierst du f\u00fcr deine Einzelaufstellung selbst Unterst\u00fctzer, so k\u00f6nnen diese frei teilnehmen, wenn sie nicht von sich aus einen Wertausgleich geben wollen.<\/p>\n<h4><strong>Aus LebensKampf wird LebensTanz<\/strong><\/h4>\n<p>Unsere Aufstellarbeit ist in der letzten Zeit immer effektiver, undramatischer, sanft l\u00f6sender und auch minimalistischer geworden. Gleichzeitig gestaltet sie sich erstaunlich direkt, sehr tiefgehend und mit dem Fokus auf \u201eGanzheit im Hier und Jetzt\u201c.<br \/>\nAuch der Humor, manche erkennen darin den kosmischen Witz, nimmt einen immer gr\u00f6\u00dferen Platz ein.<br \/>\nDie fr\u00fchere Schwere in dieser Arbeit verliert an Gewicht. Es wird leichter, entspannter, es entsteht daraus ein magischer Tanz, ein freudiges Spiel: \u201eDie Engel fliegen, weil sie alles leichter nehmen.\u201c<\/p>\n<p>Indem du selbst nachholend all deine inneren Kinder bzw. Anteile in ihren unterschiedlichen Facetten erkennst, bejahst, unterst\u00fctzt, sie achtsam und liebevoll mit dem Erwachsenen verbindest, empfindest du dich als ganz, kraftvoll und angekommen. Dein LebensTanz beginnt, der Kampf im Innen und Au\u00dfen l\u00f6st sich auf.<\/p>\n<p>In diesem Sinne unterst\u00fctzt dich WIR, dich zu erinnern, dass du im tiefsten Ursprung heil, ganz und richtig bist.<br \/>\nAlles, was zwischen dir und diesem Wissen steht beziehungsweise noch Widerstand leistet, ist WIR bereit mit dir in Achtung und Humor anzuschauen und alte Bewertungen umzudeuten.<\/p>\n<p>Dein Weg wird frei, du erlebst dich leichter, freudvoller, vitaler, dein Leben wird sinnvoller und erf\u00fcllter, es wird zum Tanz!<\/p>\n","protected":false},"excerpt":{"rendered":"<p>\"Man STELLT nur mit dem Herzen gut, das Wesentliche ist f\u00fcr die Augen unvorSTELLbar.\" (nach A. deSaint-Exup\u00e9ry) WIR will ver\u00e4ndern, experimentieren, spielend verwandeln: ohne langes Planen, Terminieren oder Festlegen: stattdessen lustvolle, freie Verf\u00fcgbarkeitin gegenseitiger kurzfristiger Absprache. WIR moderiert Minimal- bzw. Essenzaufstellungen zum Familiensystem, zu K\u00f6rpersymptomen und anderen St\u00f6rungen, Befindlichkeiten und Einschr\u00e4nkungen, die dich in deiner <a href=\"https:\/\/wir-zentrum.de\/?page_id=12\" class=\"more-link\">...weiterlesen<span class=\"screen-reader-text\"> \"Mehr   \/   Kosten\"<\/span><\/a><\/p>\n","protected":false},"author":1,"featured_media":0,"parent":0,"menu_order":0,"comment_status":"closed","ping_status":"closed","template":"","meta":[],"_links":{"self":[{"href":"https:\/\/wir-zentrum.de\/index.php?rest_route=\/wp\/v2\/pages\/12"}],"collection":[{"href":"https:\/\/wir-zentrum.de\/index.php?rest_route=\/wp\/v2\/pages"}],"about":[{"href":"https:\/\/wir-zentrum.de\/index.php?rest_route=\/wp\/v2\/types\/page"}],"author":[{"embeddable":true,"href":"https:\/\/wir-zentrum.de\/index.php?rest_route=\/wp\/v2\/users\/1"}],"replies":[{"embeddable":true,"href":"https:\/\/wir-zentrum.de\/index.php?rest_route=%2Fwp%2Fv2%2Fcomments&post=12"}],"version-history":[{"count":7,"href":"https:\/\/wir-zentrum.de\/index.php?rest_route=\/wp\/v2\/pages\/12\/revisions"}],"predecessor-version":[{"id":278,"href":"https:\/\/wir-zentrum.de\/index.php?rest_route=\/wp\/v2\/pages\/12\/revisions\/278"}],"wp:attachment":[{"href":"https:\/\/wir-zentrum.de\/index.php?rest_route=%2Fwp%2Fv2%2Fmedia&parent=12"}],"curies":[{"name":"wp","href":"https:\/\/api.w.org\/{rel}","templated":true}]}}