{"id":10,"date":"2018-05-29T18:52:39","date_gmt":"2018-05-29T16:52:39","guid":{"rendered":"http:\/\/wir-zentrum.de\/?page_id=10"},"modified":"2022-06-18T16:17:08","modified_gmt":"2022-06-18T14:17:08","slug":"aufstellungen","status":"publish","type":"page","link":"https:\/\/wir-zentrum.de\/?page_id=10","title":{"rendered":"Aufstellungen"},"content":{"rendered":"<p><strong>\"Man STELLT nur mit dem Herzen gut,<br \/>\ndas Wesentliche ist f\u00fcr die Augen unvorSTELLbar.\"<\/strong><\/p>\n<p>(nach A. deSaint-Exup\u00e9ry)<\/p>\n<p>WIR will ver\u00e4ndern, experimentieren, spielend verwandeln:<br \/>\nweniger Planen, Terminieren oder Festlegen: stattdessen \u00f6fter lustvolle, freie Verf\u00fcgbarkeit in gegenseitiger kurzfristiger Absprache.<\/p>\n<p>WIR moderiert Minimal- bzw. Essenzaufstellungen zu famili\u00e4ren, gesch\u00e4ftlichen, k\u00f6rperlichen St\u00f6rungen, Befindlichkeiten und Einschr\u00e4nkungen, die Sie in Ihrer Lebensfreude, Leichtigkeit und Lebendigkeit l\u00e4hmen.<\/p>\n<p>Rufen Sie an, simsen oder mailen Sie uns, wann, wie und wo WIR Sie unterst\u00fctzen k\u00f6nnen:<br \/>\njetzt, hier oder dort bei Ihnen, spontan, preiswert und gut.<\/p>\n<p>ALLES ist m\u00f6glich<br \/>\nin Ihrem \/ unserem Wohn- oder Esszimmer, Terrasse, Garten, B\u00fcro:<br \/>\nflexibel, kompetent, schnell.<\/p>\n<p>Ortsunabh\u00e4ngige Aufstellungen per Telefon sind nach Absprache ebenfalls m\u00f6glich.<\/p>\n<p><strong>Mobiles Stellen<\/strong><\/p>\n<p>Sie stellen den Ort und die Teilnehmer, wir kommen in Ihr Wohnzimmer, B\u00fcro, Terrasse ...<br \/>\nIhre Teilnahme und Aufstellung ist kostenlos, wenn Sie das Treffen organisieren und mindestens vier weitere, zahlende Aufsteller teilnehmen.<br \/>\nAnsonsten sind dies \"Einzelaufstellungen\".<br \/>\nJeder Teilnehmer, egal, ob er\/sie selbst stellt oder nicht, gibt einen angemessenen Wertausgleich<br \/>\nBeachten Sie hierzu meine Ausf\u00fchrungen zum Preis\u00a0 bei \"Kosten\"!<\/p>\n<p>Zus\u00e4tzlich legt WIR die Fahrtkosten um (bar und vor Ort).<\/p>\n<p>Die Termine in NRW (Hamm, Castrop-Rauxel, Werl) sind selten geworden. Sie erfahren sie auf Anfrage<\/p>\n<p><strong>Ur \u2013 TRAUMa \u2013 Stellen<\/strong><\/p>\n<p>\u201eVom erlebten Trauma zum Traumleben.\u201c<\/p>\n<p>In unserer Urspr\u00fcnglichkeit sind wir alle einzigartig und heil. Doch all die traumatischen Erlebnisse, die wir nicht verarbeiten konnten, aus welchen Gr\u00fcnden auch immer, f\u00fchrten zu Kompensationen, um zu \u00fcberleben.<\/p>\n<p>Zugleich wurden schwere Traumata unserer Ahnen (z. B. durch Krieg, Tod, Krankheit, Vertreibung, Verlust usw.) oft \u00fcber viele Generationen an uns weitergegeben. Wir wissen dann gar nicht, warum wir auf eine bestimmte Art wiederholt destruktiv reagieren. Wir \u00fcbernahmen es energetisch ohne unser Wissen und Wollen von den Vorfahren, vielleicht um sie zu retten, sie zu sch\u00fctzen, f\u00fcr sie zu s\u00fchnen, sie zu r\u00e4chen \u2026 und all das immer aus Liebe, jedoch blind und unbewusst.<\/p>\n<p>Oft sind wir mit anderen identifiziert, \u00fcbernehmen Rollen bzw. Verhaltens- oder Gef\u00fchlsmuster, die unserer Urspr\u00fcnglichkeit widersprechen. Wir wollen einfach \u201edazu geh\u00f6ren\u201c zu unserer Sippe und zahlen einen hohen Preis daf\u00fcr (Armut, Misserfolg, Krankheit, Tod \u2026).<\/p>\n<p>Doch gerade das trennt uns von unserer Seele, unserem Ursprung. Wir f\u00fchlen uns verloren, einsam, am falschen Platz, werden eventuell kraftlos, krank an K\u00f6rper, Geist oder Seele.<\/p>\n<p>Indem wir dies aufstellen, geben wir uns die Kraft und die Chance, einschr\u00e4nkende Traumata undramatisch und sanft zu l\u00f6sen. Wir entdecken und entwickeln Liebe, Achtsamkeit und Mitgef\u00fchl f\u00fcr uns selbst, unsere Ahnen, Mitmenschen, unser gesamtes Leben. Wir befreien uns zunehmend von alten Glaubens-, Gedanken-, Gef\u00fchls- und Reaktionsmustern. Unser Leben und unsere Beziehung zu uns selbst wird leichter, liebevoller, klarer, konstruktiver. Unser ureigenes einzigartiges Potenzial kommt ans Licht, entfaltet sich und wird zunehmend gelebt zu unserem Wohle und zum Wohle aller.<\/p>\n<h4><strong>Trauma - Aufstellungen\u00a0\u00a0 \/\u00a0\u00a0 IoPT<\/strong><\/h4>\n<p>Zur Zeit zeigen sich besonders h\u00e4ufig vorgeburtliche und (fr\u00fch-) kindliche Traumen und Kriegstraumen der Ahnenreihe. Sie wollen angesehen, angenommen und gel\u00f6st werden.<\/p>\n<p>Neben den klassischen Trauma - Aufstellungen hat sich die weiter entwickelte Methode Professor F. Rupperts als besonders effektiv und heilend gezeigt.<\/p>\n<p>Diese <b>Identit\u00e4tsorientierte PsychoTraumatherapie -<\/b> Aufstellungen lassen einen Wandlungsprozess beginnen, der sich neu und stimmig anf\u00fchlt.<br \/>\nDer Anliegentr\u00e4ger f\u00fchrt selbst durch die Aufstellung und erlebt so \u00fcberraschende und tiefgehende Wendungen des Feldes und seiner Inneren Anteile direkt und unmittelbar.<br \/>\nWIR bietet sowohl die klassische als auch die IoPT - Aufstellung an.<br \/>\nBeide f\u00fchren zu einer Ann\u00e4herung an die Ganzheit seines Selbst.<\/p>\n<p>Eine Ausbildung in diesen Methoden und allgemeiner Aufstellungsarbeit ist in naher Zukunft angedacht =&gt; Corona l\u00e4sst gr\u00fc\u00dfen\u00a0 ;-)))<\/p>\n<p><strong>Aus LebensKampf wird LebensTanz<\/strong><\/p>\n<p>Unsere Aufstellarbeit ist in der letzten Zeit immer effektiver, undramatischer, sanft l\u00f6sender und auch minimalistischer geworden. Gleichzeitig gestaltet sie sich erstaunlich direkt, sehr tiefgehend und mit dem Fokus auf \u201eGanzheit im Hier und Jetzt\u201c.<br \/>\nAuch der Humor, manche erkennen darin den kosmischen Witz, nimmt einen immer gr\u00f6\u00dferen Platz ein.<br \/>\nDie fr\u00fchere Schwere in dieser Arbeit verliert an Gewicht. Es wird leichter, entspannter, es entsteht zunehmend ein magischer Tanz, ein freudiges Spiel.<\/p>\n<p>Indem Sie selbst nachholend all Ihre inneren Kinder bzw. Anteile in ihren unterschiedlichen Facetten erkennen, bejahen, unterst\u00fctzen, sie achtsam und liebevoll mit dem Erwachsenen verbinden, empfinden Sie sich als ganz, kraftvoll und angekommen. Ihr LebensTanz beginnt, der Kampf im Innen und Au\u00dfen l\u00f6st sich auf.<\/p>\n<p>In diesem Sinne unterst\u00fctzen WIR Sie, sich zu erinnern, dass Sie im tiefsten Ursprung heil, ganz und richtig sind.<br \/>\nAlles, was zwischen Ihnen und diesem Wissen steht beziehungsweise noch Widerstand leistet, sind wir bereit mit Ihnen in Achtung und Humor anzuschauen und alte Bewertungen umzudeuten.<\/p>\n<p>Ihr Weg wird frei, freudvoller, vitaler, Ihr Leben sinnvoller und erf\u00fcllter.<\/p>\n","protected":false},"excerpt":{"rendered":"<p>\"Man STELLT nur mit dem Herzen gut, das Wesentliche ist f\u00fcr die Augen unvorSTELLbar.\" (nach A. deSaint-Exup\u00e9ry) WIR will ver\u00e4ndern, experimentieren, spielend verwandeln: weniger Planen, Terminieren oder Festlegen: stattdessen \u00f6fter lustvolle, freie Verf\u00fcgbarkeit in gegenseitiger kurzfristiger Absprache. WIR moderiert Minimal- bzw. Essenzaufstellungen zu famili\u00e4ren, gesch\u00e4ftlichen, k\u00f6rperlichen St\u00f6rungen, Befindlichkeiten und Einschr\u00e4nkungen, die Sie in Ihrer Lebensfreude, <a href=\"https:\/\/wir-zentrum.de\/?page_id=10\" class=\"more-link\">...weiterlesen<span class=\"screen-reader-text\"> \"Aufstellungen\"<\/span><\/a><\/p>\n","protected":false},"author":1,"featured_media":0,"parent":0,"menu_order":0,"comment_status":"closed","ping_status":"closed","template":"","meta":[],"_links":{"self":[{"href":"https:\/\/wir-zentrum.de\/index.php?rest_route=\/wp\/v2\/pages\/10"}],"collection":[{"href":"https:\/\/wir-zentrum.de\/index.php?rest_route=\/wp\/v2\/pages"}],"about":[{"href":"https:\/\/wir-zentrum.de\/index.php?rest_route=\/wp\/v2\/types\/page"}],"author":[{"embeddable":true,"href":"https:\/\/wir-zentrum.de\/index.php?rest_route=\/wp\/v2\/users\/1"}],"replies":[{"embeddable":true,"href":"https:\/\/wir-zentrum.de\/index.php?rest_route=%2Fwp%2Fv2%2Fcomments&post=10"}],"version-history":[{"count":8,"href":"https:\/\/wir-zentrum.de\/index.php?rest_route=\/wp\/v2\/pages\/10\/revisions"}],"predecessor-version":[{"id":255,"href":"https:\/\/wir-zentrum.de\/index.php?rest_route=\/wp\/v2\/pages\/10\/revisions\/255"}],"wp:attachment":[{"href":"https:\/\/wir-zentrum.de\/index.php?rest_route=%2Fwp%2Fv2%2Fmedia&parent=10"}],"curies":[{"name":"wp","href":"https:\/\/api.w.org\/{rel}","templated":true}]}}